{"id":10,"date":"2023-06-07T08:59:57","date_gmt":"2023-06-07T06:59:57","guid":{"rendered":"https:\/\/freiaemterspaetzli.ch\/?page_id=10"},"modified":"2023-08-28T19:45:25","modified_gmt":"2023-08-28T17:45:25","slug":"startseite","status":"publish","type":"page","link":"https:\/\/freiaemterspaetzli.ch\/","title":{"rendered":"Startseite"},"content":{"rendered":"<h1>Frei\u00e4mter Eiersp\u00e4tzli<\/h1>\n<h2><a href=\"#ueber-uns\">Frei\u00e4mter Eiersp\u00e4tzli<\/a><\/h2>\n<div>Unsere Frei\u00e4mter Eiersp\u00e4tzli werden in Sins produziert, nach Grossmutters-Rezept.<br \/>\nHergestellt aus Schweizer Eiern, ohne chemische Zus\u00e4tze und Konservierungsmittel.<\/p>\n<p>Wir produzieren Eiersp\u00e4tzli f\u00fcr das Gastgewerbe, den Detailhandel und f\u00fcr Private.\n<\/p><\/div>\n<ul>\n<li>\n<p>        <img decoding=\"async\" src=\"\/wp-content\/uploads\/2023\/08\/2023-08-18-10.28.09-scaled.jpg\" alt=\"2023-08-18 10.28.09\"><\/p>\n<\/li>\n<li>\n<p>        <img decoding=\"async\" src=\"\/wp-content\/uploads\/2023\/08\/2023-08-12-09.20.05-scaled.jpg\" alt=\"2023-08-12 09.20.05\"><\/p>\n<\/li>\n<\/ul>\n<h2>Verkaufsstellen<\/h2>\n<ul>\n<li>\n<div>\n<p><strong>Landi-Laden<\/strong>, 5643 Sins<\/p>\n<\/div>\n<\/li>\n<li>\n<div>\n<p><strong>Landi-Laden<\/strong>, 8912 Obfelden<\/p>\n<\/div>\n<\/li>\n<li>\n<div>\n<p><strong>Volg-Laden<\/strong> Merenschwand<\/p>\n<\/div>\n<\/li>\n<li>\n<div>\n<p><strong>Metzgerei Huwyler<\/strong>, 5644 Auw<\/p>\n<\/div>\n<\/li>\n<li>\n<div>\n<p><strong>Metzgerei Huwyler<\/strong>, 5637 Beinwil<\/p>\n<\/div>\n<\/li>\n<li>\n<div>\n<p><strong>Metzgerei Klausner<\/strong>, 5637 Oberr\u00fcti<\/p>\n<\/div>\n<\/li>\n<li>\n<div>\n<p><strong>Metzgerei Stocker<\/strong>, 8912 Obfelden<\/p>\n<\/div>\n<\/li>\n<li>\n<div>\n<p><strong>Steiner-Metzgerei<\/strong>, 8906 Bonstetten<\/p>\n<\/div>\n<\/li>\n<li>\n<div>\n<p><strong>Marti Metzg<\/strong>, 5630 Muri<\/p>\n<\/div>\n<\/li>\n<li>\n<div>\n<p><strong>Sattler Vieh- und Fleischhandel<\/strong>, 6285 Hitzkirch<\/p>\n<\/div>\n<\/li>\n<li>\n<div>\n<p><strong>Hofladen Lindenhof<\/strong>, 5636 Benzenschwil<\/p>\n<\/div>\n<\/li>\n<\/ul>\n<p><a href=\"https:\/\/freiaemterspaetzli.ch\"><img decoding=\"async\" src=\"\/wp-content\/uploads\/2023\/06\/freiaemter_spaetzli_logo_huhn-1.png\" alt=\"freiaemter_spaetzli_logo_huhn\"><\/a><\/p>\n<div>\n<p>    <iframe src=\"https:\/\/www.google.com\/maps\/embed?pb=!1m18!1m12!1m3!1d443.69711231302904!2d8.39734454300502!3d47.19947226957185!2m3!1f0!2f0!3f0!3m2!1i1024!2i768!4f13.1!3m3!1m2!1s0x479001608ee4aa31%3A0xa96b4d342dfb53d1!2sBremgartenstrasse%2029%2C%205643%20Sins!5e0!3m2!1sde!2sch!4v1686644748886!5m2!1sde!2sch\" width=\"100%\" height=\"450\" style=\"border:0;\" allowfullscreen=\"\" loading=\"lazy\" referrerpolicy=\"no-referrer-when-downgrade\"><\/iframe>\n<\/div>\n<h3>Kontakt<\/h3>\n<ul>\n<li>\n<h3>Firma<\/h3>\n<p>Frei\u00e4mter Sp\u00e4tzli GmbH<\/p>\n<\/li>\n<li>\n<h3>Eigent\u00fcmer<\/h3>\n<p>Franz G\u00fcrber<\/p>\n<\/li>\n<li>\n<h3>Strasse<\/h3>\n<p>Bremgartenstrasse 29<\/p>\n<\/li>\n<li>\n<h3>Ort<\/h3>\n<p>5643 Sins<\/p>\n<\/li>\n<li>\n<h3>Telefon<\/h3>\n<p>079 631 15 63<\/p>\n<\/li>\n<\/ul>\n<p>\n    <a href=\"mailto:kontakt@freiaemterspaetzli.ch\">EMail<\/a>\n<\/p>\n<ul>\n<li>\n<p>        <img decoding=\"async\" src=\"\/wp-content\/uploads\/2023\/08\/Freiaemter_Spaetzli_Verpackung.jpg\" alt=\"2023-08-12 09.14.28\"><\/p>\n<\/li>\n<li>\n<p>        <img decoding=\"async\" src=\"\/wp-content\/uploads\/2023\/06\/spaetzle-971772_1280.jpg\" alt=\"\"><\/p>\n<div>Lorem ipsum dolor sit amet, consectetuer adipiscing elit. Aenean commodo ligula eget dolor. Aenean massa.<\/div>\n<\/li>\n<li>\n<p>        <img decoding=\"async\" src=\"\/wp-content\/uploads\/2023\/08\/2023-08-18-15.30.34-scaled.jpg\" alt=\"2023-08-18 15.30.34\"><\/p>\n<\/li>\n<li>\n<p>        <img decoding=\"async\" src=\"\/wp-content\/uploads\/2023\/08\/2023-08-18-15.38.40-scaled.jpg\" alt=\"2023-08-18 15.38.40\"><\/p>\n<div>\n<p>Lorem ipsum dolor sit amet, consectetuer adipiscing elit. Aenean commodo ligula eget dolor. Aenean massa.<\/p>\n<\/div>\n<\/li>\n<li>\n<p>        <img decoding=\"async\" src=\"\/wp-content\/uploads\/2023\/08\/2023-08-18-10.28.09-scaled.jpg\" alt=\"2023-08-18 10.28.09\"><\/p>\n<div>\n<p>Lorem ipsum dolor sit amet, consectetuer adipiscing elit. Aenean commodo ligula eget dolor. Aenean massa.<\/p>\n<\/div>\n<\/li>\n<li>\n<p>        <img decoding=\"async\" src=\"\/wp-content\/uploads\/2023\/08\/2023-08-12-09.20.05-scaled.jpg\" alt=\"2023-08-12 09.20.05\"><\/p>\n<\/li>\n<\/ul>\n<p><!--more--><br \/>\n<!-- {\"type\":\"layout\",\"children\":[{\"name\":\"Hero\",\"type\":\"section\",\"props\":{\"height\":\"full\",\"image\":\"wp-content\\\/uploads\\\/2023\\\/06\\\/spaetzle-971772_1280.jpg\",\"image_loading\":true,\"image_position\":\"center-center\",\"image_size\":\"cover\",\"image_width\":\"2560\",\"padding\":\"small\",\"style\":\"default\",\"text_color\":\"light\",\"title_breakpoint\":\"xl\",\"title_position\":\"top-left\",\"title_rotation\":\"left\",\"vertical_align\":\"middle\",\"width\":\"large\"},\"children\":[{\"type\":\"row\",\"children\":[{\"type\":\"column\",\"props\":{\"image_position\":\"center-center\",\"position_sticky_breakpoint\":\"m\",\"width_medium\":\"1-1\"},\"children\":[{\"type\":\"headline\",\"props\":{\"content\":\"Frei\\u00e4mter Eiersp\\u00e4tzli\",\"text_align\":\"center\",\"title_element\":\"h1\",\"title_style\":\"heading-medium\"}}]}]}]},{\"name\":\"Menu\",\"type\":\"section\",\"props\":{\"image_position\":\"center-center\",\"padding\":\"large\",\"padding_remove_bottom\":false,\"style\":\"default\",\"title_breakpoint\":\"xl\",\"title_position\":\"top-left\",\"title_rotation\":\"left\",\"vertical_align\":\"middle\",\"width\":\"xlarge\"},\"children\":[{\"type\":\"row\",\"props\":{\"column_gap\":\"small\",\"layout\":\"1-2,1-2\",\"match\":false,\"row_gap\":\"small\",\"vertical_align\":\"middle\"},\"children\":[{\"type\":\"column\",\"props\":{\"image_position\":\"center-center\",\"position_sticky_breakpoint\":\"m\",\"style\":\"tile-primary\",\"vertical_align\":\"middle\",\"width_medium\":\"1-2\"},\"children\":[{\"type\":\"headline\",\"props\":{\"block_align\":\"center\",\"content\":\"Frei\\u00e4mter Eiersp\\u00e4tzli\",\"id\":\"ueber-uns\",\"link\":\"#ueber-uns\",\"maxwidth\":\"medium\",\"text_align\":\"center\",\"title_color\":\"emphasis\",\"title_element\":\"h2\",\"title_style\":\"h3\"}},{\"type\":\"text\",\"props\":{\"block_align\":\"center\",\"column_breakpoint\":\"m\",\"content\":\"Unsere Frei\\u00e4mter Eiersp\\u00e4tzli werden in Sins produziert, nach Grossmutters-Rezept.\\nHergestellt aus Schweizer Eiern, ohne chemische Zus\\u00e4tze und Konservierungsmittel.\\n\n\nWir produzieren Eiersp\\u00e4tzli f\\u00fcr das Gastgewerbe, den Detailhandel und f\\u00fcr Private.\\n\",\"margin\":\"default\",\"maxwidth\":\"medium\",\"text_align\":\"center\"}}]},{\"type\":\"column\",\"props\":{\"image_position\":\"center-center\",\"padding\":\"large\",\"position_sticky_breakpoint\":\"m\",\"vertical_align\":\"middle\",\"width_medium\":\"1-2\"},\"children\":[{\"type\":\"gallery\",\"props\":{\"content_display\":\"lightbox\",\"filter_align\":\"left\",\"filter_all\":true,\"filter_grid_breakpoint\":\"m\",\"filter_grid_width\":\"auto\",\"filter_position\":\"top\",\"filter_style\":\"tab\",\"grid_column_gap\":\"small\",\"grid_default\":\"1\",\"grid_medium\":\"\",\"grid_row_gap\":\"small\",\"grid_small\":\"2\",\"image_height\":\"700\",\"image_loading\":false,\"image_width\":\"610\",\"item_animation\":true,\"lightbox\":true,\"link_style\":\"default\",\"link_text\":\"\",\"margin\":\"default\",\"meta_align\":\"below-title\",\"meta_element\":\"div\",\"meta_style\":\"text-meta\",\"overlay_hover\":true,\"overlay_link\":true,\"overlay_mode\":\"cover\",\"overlay_position\":\"center\",\"overlay_style\":\"overlay-default\",\"overlay_transition\":\"fade\",\"parallax_easing\":\"1\",\"show_content\":true,\"show_hover_image\":true,\"show_link\":true,\"show_meta\":true,\"show_title\":true,\"text_align\":\"center\",\"text_color\":\"\",\"title_display\":\"lightbox\",\"title_element\":\"div\",\"title_hover_style\":\"reset\",\"title_style\":\"h3\"},\"children\":[{\"type\":\"gallery_item\",\"props\":{\"image\":\"wp-content\\\/uploads\\\/2023\\\/08\\\/2023-08-18-10.28.09-scaled.jpg\",\"image_alt\":\"2023-08-18 10.28.09\",\"title\":\"\"}},{\"type\":\"gallery_item\",\"props\":{\"image\":\"wp-content\\\/uploads\\\/2023\\\/08\\\/2023-08-12-09.20.05-scaled.jpg\",\"image_alt\":\"2023-08-12 09.20.05\",\"title\":\"\"}}]}]}]}]},{\"name\":\"Menu\",\"type\":\"section\",\"props\":{\"image\":\"wp-content\\\/uploads\\\/2023\\\/08\\\/2023-08-18-15.38.40-scaled.jpg\",\"image_position\":\"center-center\",\"media_background\":\"rgba(243, 243, 243, 0)\",\"media_overlay\":\"rgba(255, 255, 255, 0)\",\"padding\":\"large\",\"padding_remove_bottom\":false,\"style\":\"default\",\"title_breakpoint\":\"xl\",\"title_position\":\"top-left\",\"title_rotation\":\"left\",\"vertical_align\":\"middle\",\"width\":\"xlarge\"},\"children\":[{\"type\":\"row\",\"props\":{\"column_gap\":\"small\",\"layout\":\"1-2,1-2\",\"match\":false,\"row_gap\":\"small\",\"vertical_align\":\"middle\"},\"children\":[{\"type\":\"column\",\"props\":{\"image_position\":\"center-center\",\"position_sticky_breakpoint\":\"m\",\"style\":\"tile-primary\",\"vertical_align\":\"middle\",\"width_medium\":\"1-2\"},\"children\":[{\"type\":\"headline\",\"props\":{\"content\":\"Verkaufsstellen\",\"id\":\"verkaufsstellen\",\"title_color\":\"emphasis\",\"title_element\":\"h2\"}},{\"type\":\"list\",\"props\":{\"column_breakpoint\":\"m\",\"image_align\":\"left\",\"image_svg_color\":\"emphasis\",\"image_vertical_align\":true,\"list_element\":\"ul\",\"list_horizontal_separator\":\", \",\"list_marker\":\"circle\",\"list_type\":\"vertical\",\"show_image\":true,\"show_link\":true},\"children\":[{\"type\":\"list_item\",\"props\":{\"content\":\"\n\n<p><strong>Landi-Laden<\\\/strong>, 5643 Sins<\\\/p>\"}},{\"type\":\"list_item\",\"props\":{\"content\":\"\n\n<p><strong>Landi-Laden<\\\/strong>, 8912 Obfelden<\\\/p>\"}},{\"type\":\"list_item\",\"props\":{\"content\":\"\n\n<p><strong>Volg-Laden<\\\/strong> Merenschwand<\\\/p>\"}},{\"type\":\"list_item\",\"props\":{\"content\":\"\n\n<p><strong>Metzgerei Huwyler<\\\/strong>, 5644 Auw<\\\/p>\"}},{\"type\":\"list_item\",\"props\":{\"content\":\"\n\n<p><strong>Metzgerei Huwyler<\\\/strong>, 5637 Beinwil<\\\/p>\"}},{\"type\":\"list_item\",\"props\":{\"content\":\"\n\n<p><strong>Metzgerei Klausner<\\\/strong>, 5637 Oberr\\u00fcti<\\\/p>\"}},{\"type\":\"list_item\",\"props\":{\"content\":\"\n\n<p><strong>Metzgerei Stocker<\\\/strong>, 8912 Obfelden<\\\/p>\"}},{\"type\":\"list_item\",\"props\":{\"content\":\"\n\n<p><strong>Steiner-Metzgerei<\\\/strong>, 8906 Bonstetten<\\\/p>\"}},{\"type\":\"list_item\",\"props\":{\"content\":\"\n\n<p><strong>Marti Metzg<\\\/strong>, 5630 Muri<\\\/p>\"}},{\"type\":\"list_item\",\"props\":{\"content\":\"\n\n<p><strong>Sattler Vieh- und Fleischhandel<\\\/strong>, 6285 Hitzkirch<\\\/p>\"}},{\"type\":\"list_item\",\"props\":{\"content\":\"\n\n<p><strong>Hofladen Lindenhof<\\\/strong>, 5636 Benzenschwil<\\\/p>\"}}]}]},{\"type\":\"column\",\"props\":{\"image_position\":\"center-center\",\"padding\":\"large\",\"position_sticky_breakpoint\":\"m\",\"vertical_align\":\"middle\",\"width_medium\":\"1-2\"},\"children\":[{\"type\":\"image\",\"props\":{\"animation\":\"parallax\",\"image\":\"wp-content\\\/uploads\\\/2023\\\/06\\\/freiaemter_spaetzli_logo_huhn-1.png\",\"image_alt\":\"freiaemter_spaetzli_logo_huhn\",\"image_svg_color\":\"emphasis\",\"image_width\":\"300\",\"link\":\"https:\\\/\\\/freiaemterspaetzli.ch\",\"margin\":\"default\",\"parallax_blur\":\"0 41%\",\"parallax_easing\":\"1.7\",\"parallax_x\":\"580 24%\",\"text_align\":\"left\"}}]}]}]},{\"type\":\"section\",\"props\":{\"image_position\":\"center-center\",\"style\":\"default\",\"title_breakpoint\":\"xl\",\"title_position\":\"top-left\",\"title_rotation\":\"left\",\"vertical_align\":\"middle\",\"width\":\"default\"},\"children\":[{\"type\":\"row\",\"children\":[{\"type\":\"column\",\"props\":{\"image_position\":\"center-center\",\"position_sticky_breakpoint\":\"m\"}}]}]},{\"name\":\"Opening Hours\",\"type\":\"section\",\"props\":{\"class\":\"uk-overflow-hidden\",\"image_position\":\"center-center\",\"overlap\":false,\"padding\":\"none\",\"padding_remove_bottom\":true,\"style\":\"default\",\"title_breakpoint\":\"xl\",\"title_position\":\"top-left\",\"title_rotation\":\"left\",\"vertical_align\":\"middle\",\"width\":\"\"},\"children\":[{\"type\":\"row\",\"props\":{\"column_gap\":\"large\",\"divider\":true,\"layout\":\"2-3,1-3\",\"margin\":\"xlarge\",\"margin_remove_top\":false,\"row_gap\":\"large\",\"vertical_align\":true,\"width\":\"large\"},\"children\":[{\"type\":\"column\",\"props\":{\"image_position\":\"center-center\",\"position_sticky_breakpoint\":\"m\",\"vertical_align\":\"middle\",\"width_medium\":\"2-3\"},\"children\":[{\"type\":\"html\",\"props\":{\"content\":\"<iframe src=\\\"https:\\\/\\\/www.google.com\\\/maps\\\/embed?pb=!1m18!1m12!1m3!1d443.69711231302904!2d8.39734454300502!3d47.19947226957185!2m3!1f0!2f0!3f0!3m2!1i1024!2i768!4f13.1!3m3!1m2!1s0x479001608ee4aa31%3A0xa96b4d342dfb53d1!2sBremgartenstrasse%2029%2C%205643%20Sins!5e0!3m2!1sde!2sch!4v1686644748886!5m2!1sde!2sch\\\" width=\\\"100%\\\" height=\\\"450\\\" style=\\\"border:0;\\\" allowfullscreen=\\\"\\\" loading=\\\"lazy\\\" referrerpolicy=\\\"no-referrer-when-downgrade\\\"><\\\/iframe>\"}}]},{\"type\":\"column\",\"props\":{\"image_position\":\"center-center\",\"position_sticky_breakpoint\":\"m\",\"vertical_align\":\"middle\",\"width_medium\":\"1-3\"},\"children\":[{\"type\":\"headline\",\"props\":{\"content\":\"Kontakt\",\"id\":\"kontakt\",\"title_element\":\"h3\",\"title_style\":\"h4\"}},{\"type\":\"description_list\",\"props\":{\"column_breakpoint\":\"m\",\"layout\":\"grid-2-m\",\"list_element\":\"ul\",\"meta_align\":\"below-content\",\"meta_style\":\"\",\"show_content\":true,\"show_link\":true,\"show_meta\":true,\"show_title\":true,\"title_element\":\"div\",\"title_grid_column_gap\":\"small\",\"title_grid_row_gap\":\"small\",\"title_grid_width\":\"expand\",\"title_leader\":true},\"children\":[{\"type\":\"description_list_item\",\"props\":{\"content\":\"\",\"meta\":\"Frei\\u00e4mter Sp\\u00e4tzli GmbH\",\"title\":\"Firma\"}},{\"type\":\"description_list_item\",\"props\":{\"content\":\"\",\"meta\":\"Franz G\\u00fcrber\",\"title\":\"Eigent\\u00fcmer\"}},{\"type\":\"description_list_item\",\"props\":{\"content\":\"\",\"meta\":\"Bremgartenstrasse 29\",\"title\":\"Strasse\"}},{\"type\":\"description_list_item\",\"props\":{\"meta\":\"5643 Sins\",\"title\":\"Ort\"}},{\"type\":\"description_list_item\",\"props\":{\"meta\":\"079 631 15 63\",\"title\":\"Telefon\"}}]},{\"type\":\"button\",\"props\":{\"grid_column_gap\":\"small\",\"grid_row_gap\":\"small\",\"margin\":\"default\",\"maxwidth\":\"medium\",\"text_align\":\"left\"},\"children\":[{\"type\":\"button_item\",\"props\":{\"button_style\":\"text\",\"content\":\"EMail\",\"icon_align\":\"left\",\"link\":\"mailto:kontakt@freiaemterspaetzli.ch\"}}]}]}]}]},{\"type\":\"section\",\"props\":{\"image_position\":\"center-center\",\"style\":\"default\",\"title_breakpoint\":\"xl\",\"title_position\":\"top-left\",\"title_rotation\":\"left\",\"vertical_align\":\"middle\",\"width\":\"\"},\"children\":[{\"type\":\"row\",\"children\":[{\"type\":\"column\",\"props\":{\"image_position\":\"center-center\",\"position_sticky_breakpoint\":\"m\"},\"children\":[{\"type\":\"headline\",\"props\":{\"block_align\":\"center\",\"content\":\"\",\"margin\":\"medium\",\"maxwidth\":\"xlarge\",\"text_align\":\"center\",\"title_element\":\"h2\",\"title_style\":\"heading-small\"}},{\"type\":\"overlay-slider\",\"props\":{\"image_height\":\"600\",\"image_loading\":true,\"image_width\":\"600\",\"link_style\":\"default\",\"link_text\":\"\",\"margin\":\"remove-vertical\",\"meta_align\":\"below-title\",\"meta_element\":\"div\",\"meta_style\":\"text-meta\",\"nav\":\"dotnav\",\"nav_align\":\"center\",\"nav_breakpoint\":\"\",\"overlay_hover\":true,\"overlay_link\":true,\"overlay_maxwidth\":\"xlarge\",\"overlay_mode\":\"cover\",\"overlay_padding\":\"none\",\"overlay_position\":\"center\",\"overlay_transition\":\"fade\",\"show_content\":false,\"show_hover_image\":true,\"show_link\":true,\"show_meta\":true,\"show_title\":false,\"slidenav\":\"\",\"slidenav_breakpoint\":\"s\",\"slidenav_margin\":\"medium\",\"slidenav_outside_breakpoint\":\"xl\",\"slider_autoplay\":true,\"slider_autoplay_interval\":\"7\",\"slider_autoplay_pause\":false,\"slider_center\":true,\"slider_finite\":false,\"slider_gap\":\"\",\"slider_sets\":true,\"slider_velocity\":\"0.9\",\"slider_width\":\"\",\"slider_width_default\":\"1-1\",\"slider_width_medium\":\"1-2\",\"slider_width_small\":\"3-5\",\"text_align\":\"center\",\"title_element\":\"h3\",\"title_hover_style\":\"reset\",\"title_style\":\"h2\"},\"children\":[{\"type\":\"overlay-slider_item\",\"props\":{\"content\":\"\",\"image\":\"wp-content\\\/uploads\\\/2023\\\/08\\\/Freiaemter_Spaetzli_Verpackung.jpg\",\"image_alt\":\"2023-08-12 09.14.28\",\"image_focal_point\":\"bottom-center\",\"title\":\"\"}},{\"type\":\"overlay-slider_item\",\"props\":{\"content\":\"Lorem ipsum dolor sit amet, consectetuer adipiscing elit. Aenean commodo ligula eget dolor. Aenean massa.\",\"image\":\"wp-content\\\/uploads\\\/2023\\\/06\\\/spaetzle-971772_1280.jpg\",\"title\":\"\"}},{\"type\":\"overlay-slider_item\",\"props\":{\"image\":\"wp-content\\\/uploads\\\/2023\\\/08\\\/2023-08-18-15.30.34-scaled.jpg\",\"image_alt\":\"2023-08-18 15.30.34\"}},{\"type\":\"overlay-slider_item\",\"props\":{\"content\":\"\n\n<p>Lorem ipsum dolor sit amet, consectetuer adipiscing elit. Aenean commodo ligula eget dolor. Aenean massa.<\\\/p>\",\"image\":\"wp-content\\\/uploads\\\/2023\\\/08\\\/2023-08-18-15.38.40-scaled.jpg\",\"image_alt\":\"2023-08-18 15.38.40\",\"title\":\"\"}},{\"type\":\"overlay-slider_item\",\"props\":{\"content\":\"\n\n<p>Lorem ipsum dolor sit amet, consectetuer adipiscing elit. Aenean commodo ligula eget dolor. Aenean massa.<\\\/p>\",\"image\":\"wp-content\\\/uploads\\\/2023\\\/08\\\/2023-08-18-10.28.09-scaled.jpg\",\"image_alt\":\"2023-08-18 10.28.09\",\"title\":\"\"}},{\"type\":\"overlay-slider_item\",\"props\":{\"image\":\"wp-content\\\/uploads\\\/2023\\\/08\\\/2023-08-12-09.20.05-scaled.jpg\",\"image_alt\":\"2023-08-12 09.20.05\"}}]}]}]}]}],\"version\":\"4.0.11\"} --><\/p>\n","protected":false},"excerpt":{"rendered":"<p>Frei\u00e4mter Eiersp\u00e4tzli Frei\u00e4mter Eiersp\u00e4tzli Unsere Frei\u00e4mter Eiersp\u00e4tzli werden in Sins produziert, nach Grossmutters-Rezept. Hergestellt aus Schweizer Eiern, ohne chemische Zus\u00e4tze und Konservierungsmittel. Wir produzieren Eiersp\u00e4tzli f\u00fcr das Gastgewerbe, den Detailhandel und f\u00fcr Private. Verkaufsstellen Landi-Laden, 5643 Sins Landi-Laden, 8912 Obfelden Volg-Laden Merenschwand Metzgerei Huwyler, 5644 Auw Metzgerei Huwyler, 5637 Beinwil Metzgerei Klausner, 5637 Oberr\u00fcti Metzgerei [&hellip;]<\/p>\n","protected":false},"author":1,"featured_media":0,"parent":0,"menu_order":0,"comment_status":"closed","ping_status":"closed","template":"","meta":{"footnotes":""},"yoast_head":"<!-- This site is optimized with the Yoast SEO plugin v21.0 - https:\/\/yoast.com\/wordpress\/plugins\/seo\/ -->\n<title>Frei\u00e4mter Eiersp\u00e4tzli - F\u00fcr das Gastgewerbe, den Detailhandel und f\u00fcr Private.<\/title>\n<meta name=\"description\" content=\"Hergestellt in Sins aus Schweizer Eiern, ohne chemische Zus\u00e4tze und Konservierungsmittel.\" \/>\n<meta name=\"robots\" content=\"index, follow, max-snippet:-1, max-image-preview:large, max-video-preview:-1\" \/>\n<link rel=\"canonical\" href=\"https:\/\/freiaemterspaetzli.ch\/\" \/>\n<meta property=\"og:locale\" content=\"de_DE\" \/>\n<meta property=\"og:type\" content=\"article\" \/>\n<meta property=\"og:title\" content=\"Frei\u00e4mter Eiersp\u00e4tzli - F\u00fcr das Gastgewerbe, den Detailhandel und f\u00fcr Private.\" \/>\n<meta property=\"og:description\" content=\"Hergestellt in Sins aus Schweizer Eiern, ohne chemische Zus\u00e4tze und Konservierungsmittel.\" \/>\n<meta property=\"og:url\" content=\"https:\/\/freiaemterspaetzli.ch\/\" \/>\n<meta property=\"og:site_name\" content=\"Frei\u00e4mter Eiersp\u00e4tzli\" \/>\n<meta property=\"article:modified_time\" content=\"2023-08-28T17:45:25+00:00\" \/>\n<meta name=\"twitter:card\" content=\"summary_large_image\" \/>\n<meta name=\"twitter:label1\" content=\"Gesch\u00e4tzte Lesezeit\" \/>\n\t<meta name=\"twitter:data1\" content=\"3 Minuten\" \/>\n<script type=\"application\/ld+json\" class=\"yoast-schema-graph\">{\"@context\":\"https:\/\/schema.org\",\"@graph\":[{\"@type\":\"WebPage\",\"@id\":\"https:\/\/freiaemterspaetzli.ch\/\",\"url\":\"https:\/\/freiaemterspaetzli.ch\/\",\"name\":\"Frei\u00e4mter Eiersp\u00e4tzli - F\u00fcr das Gastgewerbe, den Detailhandel und f\u00fcr Private.\",\"isPartOf\":{\"@id\":\"https:\/\/freiaemterspaetzli.ch\/#website\"},\"datePublished\":\"2023-06-07T06:59:57+00:00\",\"dateModified\":\"2023-08-28T17:45:25+00:00\",\"description\":\"Hergestellt in Sins aus Schweizer Eiern, ohne chemische Zus\u00e4tze und Konservierungsmittel.\",\"breadcrumb\":{\"@id\":\"https:\/\/freiaemterspaetzli.ch\/#breadcrumb\"},\"inLanguage\":\"de-CH\",\"potentialAction\":[{\"@type\":\"ReadAction\",\"target\":[\"https:\/\/freiaemterspaetzli.ch\/\"]}]},{\"@type\":\"BreadcrumbList\",\"@id\":\"https:\/\/freiaemterspaetzli.ch\/#breadcrumb\",\"itemListElement\":[{\"@type\":\"ListItem\",\"position\":1,\"name\":\"Startseite\",\"item\":\"https:\/\/freiaemterspaetzli.ch\/\"},{\"@type\":\"ListItem\",\"position\":2,\"name\":\"Startseite\"}]},{\"@type\":\"WebSite\",\"@id\":\"https:\/\/freiaemterspaetzli.ch\/#website\",\"url\":\"https:\/\/freiaemterspaetzli.ch\/\",\"name\":\"Frei\u00e4mter Eiersp\u00e4tzli\",\"description\":\"f\u00fcr das Gastgewerbe, den Detailhandel und f\u00fcr Private.\",\"potentialAction\":[{\"@type\":\"SearchAction\",\"target\":{\"@type\":\"EntryPoint\",\"urlTemplate\":\"https:\/\/freiaemterspaetzli.ch\/?s={search_term_string}\"},\"query-input\":\"required name=search_term_string\"}],\"inLanguage\":\"de-CH\"}]}<\/script>\n<!-- \/ Yoast SEO plugin. -->","yoast_head_json":{"title":"Frei\u00e4mter Eiersp\u00e4tzli - F\u00fcr das Gastgewerbe, den Detailhandel und f\u00fcr Private.","description":"Hergestellt in Sins aus Schweizer Eiern, ohne chemische Zus\u00e4tze und Konservierungsmittel.","robots":{"index":"index","follow":"follow","max-snippet":"max-snippet:-1","max-image-preview":"max-image-preview:large","max-video-preview":"max-video-preview:-1"},"canonical":"https:\/\/freiaemterspaetzli.ch\/","og_locale":"de_DE","og_type":"article","og_title":"Frei\u00e4mter Eiersp\u00e4tzli - F\u00fcr das Gastgewerbe, den Detailhandel und f\u00fcr Private.","og_description":"Hergestellt in Sins aus Schweizer Eiern, ohne chemische Zus\u00e4tze und Konservierungsmittel.","og_url":"https:\/\/freiaemterspaetzli.ch\/","og_site_name":"Frei\u00e4mter Eiersp\u00e4tzli","article_modified_time":"2023-08-28T17:45:25+00:00","twitter_card":"summary_large_image","twitter_misc":{"Gesch\u00e4tzte Lesezeit":"3 Minuten"},"schema":{"@context":"https:\/\/schema.org","@graph":[{"@type":"WebPage","@id":"https:\/\/freiaemterspaetzli.ch\/","url":"https:\/\/freiaemterspaetzli.ch\/","name":"Frei\u00e4mter Eiersp\u00e4tzli - F\u00fcr das Gastgewerbe, den Detailhandel und f\u00fcr Private.","isPartOf":{"@id":"https:\/\/freiaemterspaetzli.ch\/#website"},"datePublished":"2023-06-07T06:59:57+00:00","dateModified":"2023-08-28T17:45:25+00:00","description":"Hergestellt in Sins aus Schweizer Eiern, ohne chemische Zus\u00e4tze und Konservierungsmittel.","breadcrumb":{"@id":"https:\/\/freiaemterspaetzli.ch\/#breadcrumb"},"inLanguage":"de-CH","potentialAction":[{"@type":"ReadAction","target":["https:\/\/freiaemterspaetzli.ch\/"]}]},{"@type":"BreadcrumbList","@id":"https:\/\/freiaemterspaetzli.ch\/#breadcrumb","itemListElement":[{"@type":"ListItem","position":1,"name":"Startseite","item":"https:\/\/freiaemterspaetzli.ch\/"},{"@type":"ListItem","position":2,"name":"Startseite"}]},{"@type":"WebSite","@id":"https:\/\/freiaemterspaetzli.ch\/#website","url":"https:\/\/freiaemterspaetzli.ch\/","name":"Frei\u00e4mter Eiersp\u00e4tzli","description":"f\u00fcr das Gastgewerbe, den Detailhandel und f\u00fcr Private.","potentialAction":[{"@type":"SearchAction","target":{"@type":"EntryPoint","urlTemplate":"https:\/\/freiaemterspaetzli.ch\/?s={search_term_string}"},"query-input":"required name=search_term_string"}],"inLanguage":"de-CH"}]}},"_links":{"self":[{"href":"https:\/\/freiaemterspaetzli.ch\/index.php\/wp-json\/wp\/v2\/pages\/10"}],"collection":[{"href":"https:\/\/freiaemterspaetzli.ch\/index.php\/wp-json\/wp\/v2\/pages"}],"about":[{"href":"https:\/\/freiaemterspaetzli.ch\/index.php\/wp-json\/wp\/v2\/types\/page"}],"author":[{"embeddable":true,"href":"https:\/\/freiaemterspaetzli.ch\/index.php\/wp-json\/wp\/v2\/users\/1"}],"replies":[{"embeddable":true,"href":"https:\/\/freiaemterspaetzli.ch\/index.php\/wp-json\/wp\/v2\/comments?post=10"}],"version-history":[{"count":131,"href":"https:\/\/freiaemterspaetzli.ch\/index.php\/wp-json\/wp\/v2\/pages\/10\/revisions"}],"predecessor-version":[{"id":302,"href":"https:\/\/freiaemterspaetzli.ch\/index.php\/wp-json\/wp\/v2\/pages\/10\/revisions\/302"}],"wp:attachment":[{"href":"https:\/\/freiaemterspaetzli.ch\/index.php\/wp-json\/wp\/v2\/media?parent=10"}],"curies":[{"name":"wp","href":"https:\/\/api.w.org\/{rel}","templated":true}]}}