{"id":144,"date":"2023-06-07T11:39:38","date_gmt":"2023-06-07T09:39:38","guid":{"rendered":"https:\/\/freiaemterspaetzli.ch\/?page_id=144"},"modified":"2025-11-13T10:58:41","modified_gmt":"2025-11-13T09:58:41","slug":"impressum","status":"publish","type":"page","link":"https:\/\/freiaemterspaetzli.ch\/index.php\/impressum\/","title":{"rendered":"Impressum"},"content":{"rendered":"<h2>Eigent\u00fcmer<\/h2>\n<div>\n<p>Frei\u00e4mter Sp\u00e4tzli GmbH<br \/>Bremgartenstrasse 29<br \/>5643 Sins<br \/><a href=\"https:\/\/beta.freiaemterspaetzli.ch\">beta.freiaemterspaetzli.ch<\/a><\/p>\n<\/div>\n<h2>Copyright<\/h2>\n<div>\n<p>\u00a9 <script>\n            var Jahr = new Date().getFullYear()\n            document.write(Jahr)\n<\/script>, Frei\u00e4mter Sp\u00e4tzli<\/p>\n<\/div>\n<h2>Webseite<\/h2>\n<div>\n<p>Marketingwerkstatt GmbH<br \/>Bahnhofstrasse 3b<br \/>5643 Sins<br \/><a href=\"https:\/\/marketingwerkstatt.ch\" target=\"_blank\" rel=\"noopener\">marketingwerkstatt.ch<\/a><\/p>\n<p><a href=\"https:\/\/beta.freiaemterspaetzli.ch\"><\/a><\/p>\n<\/div>\n<p><!--more--><br \/>\n<!-- {\"type\":\"layout\",\"children\":[{\"type\":\"section\",\"props\":{\"image\":\"wp-content\\\/uploads\\\/2023\\\/08\\\/2023-08-18-15.31.25-scaled.jpg\",\"image_position\":\"center-center\",\"image_size\":\"cover\",\"style\":\"default\",\"title_breakpoint\":\"xl\",\"title_position\":\"top-left\",\"title_rotation\":\"left\",\"vertical_align\":\"middle\",\"width\":\"default\"},\"children\":[{\"type\":\"row\",\"children\":[{\"type\":\"column\",\"props\":{\"image_position\":\"center-center\",\"position_sticky_breakpoint\":\"m\"}}]}]},{\"type\":\"section\",\"props\":{\"image_position\":\"center-center\",\"style\":\"default\",\"title_breakpoint\":\"xl\",\"title_position\":\"top-left\",\"title_rotation\":\"left\",\"vertical_align\":\"middle\",\"width\":\"default\"},\"children\":[{\"type\":\"row\",\"props\":{\"layout\":\"1-2,1-2\"},\"children\":[{\"type\":\"column\",\"props\":{\"image_position\":\"center-center\",\"position_sticky_breakpoint\":\"m\",\"width_medium\":\"1-2\"},\"children\":[{\"type\":\"headline\",\"props\":{\"content\":\"Eigent\\u00fcmer\",\"title_element\":\"h2\",\"title_style\":\"text-lead\"}},{\"type\":\"text\",\"props\":{\"column_breakpoint\":\"m\",\"content\":\"\n\n<p>Frei\\u00e4mter Sp\\u00e4tzli GmbH<br \\\/>Bremgartenstrasse 29<br \\\/>5643 Sins<br \\\/><a href=\\\"https:\\\/\\\/beta.freiaemterspaetzli.ch\\\">beta.freiaemterspaetzli.ch<\\\/a><\\\/p>\",\"margin\":\"default\"}},{\"type\":\"headline\",\"props\":{\"content\":\"Copyright\",\"title_element\":\"h2\",\"title_style\":\"text-lead\"}},{\"type\":\"text\",\"props\":{\"column_breakpoint\":\"m\",\"content\":\"\n\n<p>\\u00a9 <script>\\n            var Jahr = new Date().getFullYear()\\n            document.write(Jahr)\\n<\\\/script>, Frei\\u00e4mter Sp\\u00e4tzli<\\\/p>\",\"margin\":\"default\"}}]},{\"type\":\"column\",\"props\":{\"image_position\":\"center-center\",\"position_sticky_breakpoint\":\"m\",\"width_medium\":\"1-2\"},\"children\":[{\"type\":\"headline\",\"props\":{\"content\":\"Webseite\",\"title_element\":\"h2\",\"title_style\":\"text-lead\"}},{\"type\":\"text\",\"props\":{\"column_breakpoint\":\"m\",\"content\":\"\n\n<p>Marketingwerkstatt GmbH<br \\\/>Bahnhofstrasse 3b<br \\\/>5643 Sins<br \\\/><a href=\\\"https:\\\/\\\/marketingwerkstatt.ch\\\" target=\\\"_blank\\\" rel=\\\"noopener\\\">marketingwerkstatt.ch<\\\/a><\\\/p>\\n\n\n<p><a href=\\\"https:\\\/\\\/beta.freiaemterspaetzli.ch\\\"><\\\/a><\\\/p>\",\"margin\":\"default\"}}]}]}]}],\"version\":\"4.0.11\"} --><\/p>\n","protected":false},"excerpt":{"rendered":"<p>Eigent\u00fcmer Frei\u00e4mter Sp\u00e4tzli GmbHBremgartenstrasse 295643 Sinsbeta.freiaemterspaetzli.ch Copyright \u00a9 , Frei\u00e4mter Sp\u00e4tzli Webseite Marketingwerkstatt GmbHBahnhofstrasse 3b5643 Sinsmarketingwerkstatt.ch<\/p>\n","protected":false},"author":1,"featured_media":0,"parent":0,"menu_order":0,"comment_status":"closed","ping_status":"closed","template":"","meta":{"footnotes":""},"yoast_head":"<!-- This site is optimized with the Yoast SEO plugin v21.0 - https:\/\/yoast.com\/wordpress\/plugins\/seo\/ -->\n<title>Impressum - Frei\u00e4mter Eiersp\u00e4tzli<\/title>\n<meta name=\"robots\" content=\"index, follow, max-snippet:-1, max-image-preview:large, max-video-preview:-1\" \/>\n<link rel=\"canonical\" href=\"https:\/\/freiaemterspaetzli.ch\/index.php\/impressum\/\" \/>\n<meta property=\"og:locale\" content=\"de_DE\" \/>\n<meta property=\"og:type\" content=\"article\" \/>\n<meta property=\"og:title\" content=\"Impressum - Frei\u00e4mter Eiersp\u00e4tzli\" \/>\n<meta property=\"og:description\" content=\"Eigent\u00fcmer Frei\u00e4mter Sp\u00e4tzli GmbHBremgartenstrasse 295643 Sinsbeta.freiaemterspaetzli.ch Copyright \u00a9 , Frei\u00e4mter Sp\u00e4tzli Webseite Marketingwerkstatt GmbHBahnhofstrasse 3b5643 Sinsmarketingwerkstatt.ch\" \/>\n<meta property=\"og:url\" content=\"https:\/\/freiaemterspaetzli.ch\/index.php\/impressum\/\" \/>\n<meta property=\"og:site_name\" content=\"Frei\u00e4mter Eiersp\u00e4tzli\" \/>\n<meta property=\"article:modified_time\" content=\"2025-11-13T09:58:41+00:00\" \/>\n<meta name=\"twitter:card\" content=\"summary_large_image\" \/>\n<script type=\"application\/ld+json\" class=\"yoast-schema-graph\">{\"@context\":\"https:\/\/schema.org\",\"@graph\":[{\"@type\":\"WebPage\",\"@id\":\"https:\/\/freiaemterspaetzli.ch\/index.php\/impressum\/\",\"url\":\"https:\/\/freiaemterspaetzli.ch\/index.php\/impressum\/\",\"name\":\"Impressum - Frei\u00e4mter Eiersp\u00e4tzli\",\"isPartOf\":{\"@id\":\"https:\/\/freiaemterspaetzli.ch\/#website\"},\"datePublished\":\"2023-06-07T09:39:38+00:00\",\"dateModified\":\"2025-11-13T09:58:41+00:00\",\"breadcrumb\":{\"@id\":\"https:\/\/freiaemterspaetzli.ch\/index.php\/impressum\/#breadcrumb\"},\"inLanguage\":\"de-CH\",\"potentialAction\":[{\"@type\":\"ReadAction\",\"target\":[\"https:\/\/freiaemterspaetzli.ch\/index.php\/impressum\/\"]}]},{\"@type\":\"BreadcrumbList\",\"@id\":\"https:\/\/freiaemterspaetzli.ch\/index.php\/impressum\/#breadcrumb\",\"itemListElement\":[{\"@type\":\"ListItem\",\"position\":1,\"name\":\"Startseite\",\"item\":\"https:\/\/freiaemterspaetzli.ch\/\"},{\"@type\":\"ListItem\",\"position\":2,\"name\":\"Impressum\"}]},{\"@type\":\"WebSite\",\"@id\":\"https:\/\/freiaemterspaetzli.ch\/#website\",\"url\":\"https:\/\/freiaemterspaetzli.ch\/\",\"name\":\"Frei\u00e4mter Eiersp\u00e4tzli\",\"description\":\"f\u00fcr das Gastgewerbe, den Detailhandel und f\u00fcr Private.\",\"potentialAction\":[{\"@type\":\"SearchAction\",\"target\":{\"@type\":\"EntryPoint\",\"urlTemplate\":\"https:\/\/freiaemterspaetzli.ch\/?s={search_term_string}\"},\"query-input\":\"required name=search_term_string\"}],\"inLanguage\":\"de-CH\"}]}<\/script>\n<!-- \/ Yoast SEO plugin. -->","yoast_head_json":{"title":"Impressum - Frei\u00e4mter Eiersp\u00e4tzli","robots":{"index":"index","follow":"follow","max-snippet":"max-snippet:-1","max-image-preview":"max-image-preview:large","max-video-preview":"max-video-preview:-1"},"canonical":"https:\/\/freiaemterspaetzli.ch\/index.php\/impressum\/","og_locale":"de_DE","og_type":"article","og_title":"Impressum - Frei\u00e4mter Eiersp\u00e4tzli","og_description":"Eigent\u00fcmer Frei\u00e4mter Sp\u00e4tzli GmbHBremgartenstrasse 295643 Sinsbeta.freiaemterspaetzli.ch Copyright \u00a9 , Frei\u00e4mter Sp\u00e4tzli Webseite Marketingwerkstatt GmbHBahnhofstrasse 3b5643 Sinsmarketingwerkstatt.ch","og_url":"https:\/\/freiaemterspaetzli.ch\/index.php\/impressum\/","og_site_name":"Frei\u00e4mter Eiersp\u00e4tzli","article_modified_time":"2025-11-13T09:58:41+00:00","twitter_card":"summary_large_image","schema":{"@context":"https:\/\/schema.org","@graph":[{"@type":"WebPage","@id":"https:\/\/freiaemterspaetzli.ch\/index.php\/impressum\/","url":"https:\/\/freiaemterspaetzli.ch\/index.php\/impressum\/","name":"Impressum - Frei\u00e4mter Eiersp\u00e4tzli","isPartOf":{"@id":"https:\/\/freiaemterspaetzli.ch\/#website"},"datePublished":"2023-06-07T09:39:38+00:00","dateModified":"2025-11-13T09:58:41+00:00","breadcrumb":{"@id":"https:\/\/freiaemterspaetzli.ch\/index.php\/impressum\/#breadcrumb"},"inLanguage":"de-CH","potentialAction":[{"@type":"ReadAction","target":["https:\/\/freiaemterspaetzli.ch\/index.php\/impressum\/"]}]},{"@type":"BreadcrumbList","@id":"https:\/\/freiaemterspaetzli.ch\/index.php\/impressum\/#breadcrumb","itemListElement":[{"@type":"ListItem","position":1,"name":"Startseite","item":"https:\/\/freiaemterspaetzli.ch\/"},{"@type":"ListItem","position":2,"name":"Impressum"}]},{"@type":"WebSite","@id":"https:\/\/freiaemterspaetzli.ch\/#website","url":"https:\/\/freiaemterspaetzli.ch\/","name":"Frei\u00e4mter Eiersp\u00e4tzli","description":"f\u00fcr das Gastgewerbe, den Detailhandel und f\u00fcr Private.","potentialAction":[{"@type":"SearchAction","target":{"@type":"EntryPoint","urlTemplate":"https:\/\/freiaemterspaetzli.ch\/?s={search_term_string}"},"query-input":"required name=search_term_string"}],"inLanguage":"de-CH"}]}},"_links":{"self":[{"href":"https:\/\/freiaemterspaetzli.ch\/index.php\/wp-json\/wp\/v2\/pages\/144"}],"collection":[{"href":"https:\/\/freiaemterspaetzli.ch\/index.php\/wp-json\/wp\/v2\/pages"}],"about":[{"href":"https:\/\/freiaemterspaetzli.ch\/index.php\/wp-json\/wp\/v2\/types\/page"}],"author":[{"embeddable":true,"href":"https:\/\/freiaemterspaetzli.ch\/index.php\/wp-json\/wp\/v2\/users\/1"}],"replies":[{"embeddable":true,"href":"https:\/\/freiaemterspaetzli.ch\/index.php\/wp-json\/wp\/v2\/comments?post=144"}],"version-history":[{"count":14,"href":"https:\/\/freiaemterspaetzli.ch\/index.php\/wp-json\/wp\/v2\/pages\/144\/revisions"}],"predecessor-version":[{"id":308,"href":"https:\/\/freiaemterspaetzli.ch\/index.php\/wp-json\/wp\/v2\/pages\/144\/revisions\/308"}],"wp:attachment":[{"href":"https:\/\/freiaemterspaetzli.ch\/index.php\/wp-json\/wp\/v2\/media?parent=144"}],"curies":[{"name":"wp","href":"https:\/\/api.w.org\/{rel}","templated":true}]}}